{"id":1228,"date":"2024-10-08T17:49:50","date_gmt":"2024-10-08T23:49:50","guid":{"rendered":"https:\/\/windgrafico.com\/?post_type=product&#038;p=1228"},"modified":"2024-10-08T17:50:01","modified_gmt":"2024-10-08T23:50:01","slug":"estrategia-integral-de-marketing-digital","status":"publish","type":"product","link":"https:\/\/windgrafico.com\/en\/product\/comprehensive-digital-marketing-strategy\/","title":{"rendered":"Comprehensive Digital Marketing Strategy"},"content":{"rendered":"<p>Services included<\/p>\n<ul class=\"ak-ul\" data-indent-level=\"2\">\n<li>\n<p data-renderer-start-pos=\"2484\">Up to 20 posts per month.<\/p>\n<\/li>\n<li>\n<p data-renderer-start-pos=\"2510\">8 reels per month, including short videos.<\/p>\n<\/li>\n<li>\n<p data-renderer-start-pos=\"2555\">Message management and attention to communication crises.<\/p>\n<\/li>\n<li>\n<p data-renderer-start-pos=\"2615\">Publication of blog posts and updating the website with landing page.<\/p>\n<\/li>\n<li>\n<p data-renderer-start-pos=\"2698\">Complete web presence setup, including Facebook Pixel, Meta Business Suite, Google My Business.<\/p>\n<\/li>\n<li>\n<p data-renderer-start-pos=\"2810\">Sending emails through HubSpot&#039;s free mailing service.<\/p>\n<\/li>\n<\/ul>","protected":false},"excerpt":{"rendered":"<p>Servicios incluidos Hasta 20 posts al mes. 8 reels al mes, incluyendo videos cortos. Gesti\u00f3n de mensajes y atenci\u00f3n a crisis de comunicaci\u00f3n. Publicaci\u00f3n de posts en blog y actualizaci\u00f3n de la p\u00e1gina web con landing page. Configuraci\u00f3n de presencia web completa, incluyendo Facebook Pixel, Meta Business Suite, Google My Business. Env\u00edo de correos electr\u00f3nicos [&hellip;]<\/p>\n","protected":false},"featured_media":238,"comment_status":"open","ping_status":"closed","template":"","meta":{"_seopress_robots_primary_cat":"none","_seopress_titles_title":"","_seopress_titles_desc":"","_seopress_robots_index":"","content-type":""},"product_brand":[],"product_cat":[25],"product_tag":[],"class_list":{"0":"post-1228","1":"product","2":"type-product","3":"status-publish","4":"has-post-thumbnail","6":"product_cat-web-development","8":"first","9":"instock","10":"virtual","11":"purchasable","12":"product-type-simple"},"_links":{"self":[{"href":"https:\/\/windgrafico.com\/en\/wp-json\/wp\/v2\/product\/1228","targetHints":{"allow":["GET"]}}],"collection":[{"href":"https:\/\/windgrafico.com\/en\/wp-json\/wp\/v2\/product"}],"about":[{"href":"https:\/\/windgrafico.com\/en\/wp-json\/wp\/v2\/types\/product"}],"replies":[{"embeddable":true,"href":"https:\/\/windgrafico.com\/en\/wp-json\/wp\/v2\/comments?post=1228"}],"wp:featuredmedia":[{"embeddable":true,"href":"https:\/\/windgrafico.com\/en\/wp-json\/wp\/v2\/media\/238"}],"wp:attachment":[{"href":"https:\/\/windgrafico.com\/en\/wp-json\/wp\/v2\/media?parent=1228"}],"wp:term":[{"taxonomy":"product_brand","embeddable":true,"href":"https:\/\/windgrafico.com\/en\/wp-json\/wp\/v2\/product_brand?post=1228"},{"taxonomy":"product_cat","embeddable":true,"href":"https:\/\/windgrafico.com\/en\/wp-json\/wp\/v2\/product_cat?post=1228"},{"taxonomy":"product_tag","embeddable":true,"href":"https:\/\/windgrafico.com\/en\/wp-json\/wp\/v2\/product_tag?post=1228"}],"curies":[{"name":"wp","href":"https:\/\/api.w.org\/{rel}","templated":true}]}}